{"id":11836,"date":"2023-05-13T18:59:43","date_gmt":"2023-05-13T15:29:43","guid":{"rendered":"https:\/\/asec-int.com\/tf-kable-company\/"},"modified":"2024-03-03T18:39:28","modified_gmt":"2024-03-03T15:09:28","slug":"tf-kable-company","status":"publish","type":"page","link":"https:\/\/asec-int.com\/en\/tf-kable-company\/","title":{"rendered":"TF-Kable Company"},"content":{"rendered":"\t\t<div data-elementor-type=\"wp-page\" data-elementor-id=\"11836\" class=\"elementor elementor-11836 elementor-6535\" data-elementor-post-type=\"page\">\n\t\t\t\t\t\t<section class=\"elementor-section elementor-top-section elementor-element elementor-element-0320549 elementor-section-height-min-height elementor-section-boxed elementor-section-height-default elementor-section-items-middle\" data-id=\"0320549\" data-element_type=\"section\" data-settings=\"{&quot;background_background&quot;:&quot;classic&quot;,&quot;_ha_eqh_enable&quot;:false}\">\n\t\t\t\t\t\t\t<div class=\"elementor-background-overlay\"><\/div>\n\t\t\t\t\t\t\t<div class=\"elementor-container elementor-column-gap-default\">\n\t\t\t\t\t<div class=\"elementor-column elementor-col-100 elementor-top-column elementor-element elementor-element-9f5c378\" data-id=\"9f5c378\" data-element_type=\"column\">\n\t\t\t<div class=\"elementor-widget-wrap elementor-element-populated\">\n\t\t\t\t\t\t<div class=\"elementor-element elementor-element-9a73586 elementor-widget elementor-widget-image\" data-id=\"9a73586\" data-element_type=\"widget\" data-widget_type=\"image.default\">\n\t\t\t\t<div class=\"elementor-widget-container\">\n\t\t\t<style>\/*! elementor - v3.19.0 - 07-02-2024 *\/\n.elementor-widget-image{text-align:center}.elementor-widget-image a{display:inline-block}.elementor-widget-image a img[src$=\".svg\"]{width:48px}.elementor-widget-image img{vertical-align:middle;display:inline-block}<\/style>\t\t\t\t\t\t\t\t\t\t<img decoding=\"async\" width=\"200\" height=\"150\" src=\"https:\/\/asec-int.com\/wp-content\/uploads\/2023\/05\/TF.png\" class=\"attachment-large size-large wp-image-4071\" alt=\"\" \/>\t\t\t\t\t\t\t\t\t\t\t\t\t<\/div>\n\t\t\t\t<\/div>\n\t\t\t\t\t<\/div>\n\t\t<\/div>\n\t\t\t\t\t<\/div>\n\t\t<\/section>\n\t\t\t\t<section class=\"elementor-section elementor-top-section elementor-element elementor-element-3d7578f elementor-section-boxed elementor-section-height-default elementor-section-height-default\" data-id=\"3d7578f\" data-element_type=\"section\" data-settings=\"{&quot;_ha_eqh_enable&quot;:false}\">\n\t\t\t\t\t\t<div class=\"elementor-container elementor-column-gap-default\">\n\t\t\t\t\t<div class=\"elementor-column elementor-col-100 elementor-top-column elementor-element elementor-element-a5ab042\" data-id=\"a5ab042\" data-element_type=\"column\">\n\t\t\t<div class=\"elementor-widget-wrap elementor-element-populated\">\n\t\t\t\t\t\t<div class=\"elementor-element elementor-element-03ac3b4 elementor-widget elementor-widget-text-editor\" data-id=\"03ac3b4\" data-element_type=\"widget\" data-widget_type=\"text-editor.default\">\n\t\t\t\t<div class=\"elementor-widget-container\">\n\t\t\t<style>\/*! elementor - v3.19.0 - 07-02-2024 *\/\n.elementor-widget-text-editor.elementor-drop-cap-view-stacked .elementor-drop-cap{background-color:#69727d;color:#fff}.elementor-widget-text-editor.elementor-drop-cap-view-framed .elementor-drop-cap{color:#69727d;border:3px solid;background-color:transparent}.elementor-widget-text-editor:not(.elementor-drop-cap-view-default) .elementor-drop-cap{margin-top:8px}.elementor-widget-text-editor:not(.elementor-drop-cap-view-default) .elementor-drop-cap-letter{width:1em;height:1em}.elementor-widget-text-editor .elementor-drop-cap{float:right;text-align:center;line-height:1;font-size:50px}.elementor-widget-text-editor .elementor-drop-cap-letter{display:inline-block}<\/style>\t\t\t\t<p>TELE-FONIKA Kable SA (TFKable) with 100% Polish capital, with significant development potential, is on the list of the top European cable and wire manufacturers in the world.&nbsp;<span style=\"font-size: 1rem;\">The products produced in our factories are recognized by customers in more than 80 countries. Our range of products includes more than 25,000 types of cables and wires.<\/span><\/p>\n<p>The company combines good traditions of the cable industry in Poland and innovative technical solutions.&nbsp;<span style=\"font-size: 1rem;\">The TELE-FONIKA Kable Group currently consists of several trading companies with a significant number of production plants across Europe and a cable waste recycling division in Poland.<\/span><\/p>\n<p>TFKable Group has consolidated its position as a global leader in the cable business, with the potential for further development with an ongoing growth strategy based on customer portfolio diversification.<\/p>\n<p>TF Kable was established as a result of the merger of several active cable factories in Poland: In 1992 it was established in My\u015blenice TF Kable, Krakowska Fabryka Kabli and Bydgoska Fabryka Kabli as well as two international factories.<\/p>\n<p>The current unit is the result of a number of dynamic development and investment projects, including the construction of a new factory in Krak\u00f3w-Bie\u017can\u00f3w and the renovation of the plant in Bydgoszcz. &nbsp;<\/p>\n<p>Thanks to our experienced and qualified staff, the company has high technological standards, confirmed by 405 quality certificates for its products, awarded by 42 accredited certification centers around the world<\/p>\n<p>TF Kable is recognized as a trusted supplier of cables and related products made of copper, aluminum and fiber optics used by the world&#8217;s top power, telecommunications, electronics, shipbuilding and mining companies<\/p>\n<p>As a result of the acquisition of JDR Cable Systems Limited, TFKable has expanded its assets with two UK production facilities&nbsp;<span style=\"font-size: 1rem;\">JDR manufactures electrical cables for ships, submarines and marine installations, including components for power distribution, data transmission, monitoring and remote control of marine installations<\/span><\/p>\n<p>In addition, our sales portfolio is expanded with marine installation and maintenance services, located at JDR&#8217;s service centers in the United States, United Kingdom, ensuring ongoing support for our business partners<\/p>\n<p><\/p>\t\t\t\t\t\t<\/div>\n\t\t\t\t<\/div>\n\t\t\t\t\t<\/div>\n\t\t<\/div>\n\t\t\t\t\t<\/div>\n\t\t<\/section>\n\t\t\t\t<\/div>\n\t\t","protected":false},"excerpt":{"rendered":"<p>TELE-FONIKA Kable SA (TFKable) with 100% Polish capital, with significant development potential, is on the list of the top European cable and wire manufacturers in the world.\u00a0The products produced in our factories are recognized by customers in more than 80 countries. Our range of products includes more than 25,000 types of cables and wires. The [&hellip;]<\/p>\n","protected":false},"author":4,"featured_media":0,"parent":0,"menu_order":0,"comment_status":"closed","ping_status":"closed","template":"","meta":{"om_disable_all_campaigns":false,"_monsterinsights_skip_tracking":false,"_monsterinsights_sitenote_active":false,"_monsterinsights_sitenote_note":"","_monsterinsights_sitenote_category":0,"_uf_show_specific_survey":0,"_uf_disable_surveys":false,"footnotes":""},"class_list":["post-11836","page","type-page","status-publish","hentry"],"aioseo_notices":[],"_links":{"self":[{"href":"https:\/\/asec-int.com\/en\/wp-json\/wp\/v2\/pages\/11836","targetHints":{"allow":["GET"]}}],"collection":[{"href":"https:\/\/asec-int.com\/en\/wp-json\/wp\/v2\/pages"}],"about":[{"href":"https:\/\/asec-int.com\/en\/wp-json\/wp\/v2\/types\/page"}],"author":[{"embeddable":true,"href":"https:\/\/asec-int.com\/en\/wp-json\/wp\/v2\/users\/4"}],"replies":[{"embeddable":true,"href":"https:\/\/asec-int.com\/en\/wp-json\/wp\/v2\/comments?post=11836"}],"version-history":[{"count":2,"href":"https:\/\/asec-int.com\/en\/wp-json\/wp\/v2\/pages\/11836\/revisions"}],"predecessor-version":[{"id":12810,"href":"https:\/\/asec-int.com\/en\/wp-json\/wp\/v2\/pages\/11836\/revisions\/12810"}],"wp:attachment":[{"href":"https:\/\/asec-int.com\/en\/wp-json\/wp\/v2\/media?parent=11836"}],"curies":[{"name":"wp","href":"https:\/\/api.w.org\/{rel}","templated":true}]}}